{"id":8,"date":"2017-10-15T15:53:11","date_gmt":"2017-10-15T12:53:11","guid":{"rendered":"http:\/\/192.168.1.165\/wordpress\/?page_id=8"},"modified":"2018-12-18T18:10:49","modified_gmt":"2018-12-18T16:10:49","slug":"tietoja","status":"publish","type":"page","link":"http:\/\/81.197.179.66\/?page_id=8","title":{"rendered":"Korjaukset ja huollot"},"content":{"rendered":"<p>P\u00e4\u00e4toimenkuvaamme kuuluvat elektroniikkalaitteiden korjaukset \u2013 esimerkiksi k\u00e4nnyk\u00f6iden n\u00e4ytt\u00f6jen vaihdot tai kannettavien tietokoneiden puhdistus p\u00f6lyst\u00e4.<\/p>\n<p><strong>Opiskelija-alennukset:<\/strong><\/p>\n<table>\n<tr>\n<th>Ty\u00f6n hinta<\/th>\n<th>Alennus<\/th>\n<\/tr>\n<tr>\n<td>0 \u2013 99\u20ac<\/td>\n<td>20 %<\/td>\n<\/tr>\n<tr>\n<td>100\u20ac \u2013 200\u20ac<\/td>\n<td>20 %<\/td>\n<\/tr>\n<tr>\n<td>Yli 200\u20ac<\/td>\n<td>5 %<\/td>\n<\/tr>\n<\/table>\n<p><strong><\/p>\n<p style=\"font-size: 20px;\">\nEsimerkkihintoja<br \/>\n<\/style>\n<p><\/strong><\/p>\n<table>\n<tr>\n<th>Laite<\/th>\n<th>Ty\u00f6<\/th>\n<th>Hinta<\/th>\n<\/tr>\n<tr>\n<td>iPhone 5(S\/C)<\/td>\n<td>N\u00e4yt\u00f6n vaihto<\/td>\n<td>50\u20ac<\/td>\n<\/tr>\n<tr>\n<td>iPhone 6<\/td>\n<td>N\u00e4yt\u00f6n vaihto<\/td>\n<td>90\u20ac<\/td>\n<\/tr>\n<tr>\n<td>iPhone 7<\/td>\n<td>N\u00e4yt\u00f6n vaihto<\/td>\n<td>99\u20ac<\/td>\n<\/tr>\n<tr>\n<td>iPhone (n)<\/td>\n<td>Akun vaihto<\/td>\n<td>Alkaen 40\u20ac<\/td>\n<\/tr>\n<tr>\n<td> <\/td>\n<td> <\/td>\n<td> <\/td>\n<\/tr>\n<tr>\n<td>Honor P20 Lite<\/td>\n<td>N\u00e4yt\u00f6n vaihto<\/td>\n<td>85\u20ac<\/td>\n<\/tr>\n<tr>\n<td>Honor P8 Lite<\/td>\n<td>N\u00e4yt\u00f6n vaihto<\/td>\n<td>50\u20ac<\/td>\n<\/tr>\n<tr>\n<td>Honor 8<\/td>\n<td>N\u00e4yt\u00f6n vaihto<\/td>\n<td>90\u20ac<\/td>\n<\/tr>\n<tr>\n<td>Honor 9<\/td>\n<td>N\u00e4yt\u00f6n vaihto<\/td>\n<td>99\u20ac<\/td>\n<\/tr>\n<tr>\n<td> <\/td>\n<td> <\/td>\n<td> <\/td>\n<\/tr>\n<tr>\n<td>Oneplus 3(T)<\/td>\n<td>N\u00e4yt\u00f6n vaihto<\/td>\n<td>170\u20ac<\/td>\n<\/tr>\n<tr>\n<td> <\/td>\n<td> <\/td>\n<td> <\/td>\n<\/tr>\n<tr>\n<td>Playstation 3\/4<\/td>\n<td>Ohjaintattien vaihto<\/td>\n<td>10\u20ac<\/td>\n<\/tr>\n<tr>\n<td> <\/td>\n<td> <\/td>\n<td> <\/td>\n<\/tr>\n<tr>\n<td>Kannettava<\/td>\n<td>Puhdistus<\/td>\n<td>Alkaen 30\u20ac<\/td>\n<\/tr>\n<\/table>\n<p>Tekemiemme korjausten ja huoltojen skaala on valtava \u2013 suojakalvojen asennuksista datan palautuksiin. Ota rohkeasti yhteytt\u00e4!<\/p>\n","protected":false},"excerpt":{"rendered":"<p>P\u00e4\u00e4toimenkuvaamme kuuluvat elektroniikkalaitteiden korjaukset \u2013 esimerkiksi k\u00e4nnyk\u00f6iden n\u00e4ytt\u00f6jen vaihdot tai kannettavien tietokoneiden puhdistus p\u00f6lyst\u00e4. Opiskelija-alennukset: Ty\u00f6n hinta Alennus 0 \u2013 99\u20ac 20 % 100\u20ac \u2013 200\u20ac 20 % Yli 200\u20ac 5 % Esimerkkihintoja Laite Ty\u00f6 Hinta iPhone 5(S\/C) N\u00e4yt\u00f6n vaihto 50\u20ac iPhone 6 N\u00e4yt\u00f6n vaihto 90\u20ac iPhone 7 N\u00e4yt\u00f6n vaihto 99\u20ac iPhone (n) Akun vaihto &hellip; <\/p>\n<p class=\"link-more\"><a href=\"http:\/\/81.197.179.66\/?page_id=8\" class=\"more-link\">Jatka lukemista<span class=\"screen-reader-text\"> &#8221;Korjaukset ja huollot&#8221;<\/span><\/a><\/p>\n","protected":false},"author":1,"featured_media":0,"parent":0,"menu_order":0,"comment_status":"closed","ping_status":"closed","template":"","meta":[],"_links":{"self":[{"href":"http:\/\/81.197.179.66\/index.php?rest_route=\/wp\/v2\/pages\/8"}],"collection":[{"href":"http:\/\/81.197.179.66\/index.php?rest_route=\/wp\/v2\/pages"}],"about":[{"href":"http:\/\/81.197.179.66\/index.php?rest_route=\/wp\/v2\/types\/page"}],"author":[{"embeddable":true,"href":"http:\/\/81.197.179.66\/index.php?rest_route=\/wp\/v2\/users\/1"}],"replies":[{"embeddable":true,"href":"http:\/\/81.197.179.66\/index.php?rest_route=%2Fwp%2Fv2%2Fcomments&post=8"}],"version-history":[{"count":18,"href":"http:\/\/81.197.179.66\/index.php?rest_route=\/wp\/v2\/pages\/8\/revisions"}],"predecessor-version":[{"id":92,"href":"http:\/\/81.197.179.66\/index.php?rest_route=\/wp\/v2\/pages\/8\/revisions\/92"}],"wp:attachment":[{"href":"http:\/\/81.197.179.66\/index.php?rest_route=%2Fwp%2Fv2%2Fmedia&parent=8"}],"curies":[{"name":"wp","href":"https:\/\/api.w.org\/{rel}","templated":true}]}}